{"id":9566,"date":"2024-09-05T06:30:12","date_gmt":"2024-09-05T06:30:12","guid":{"rendered":"https:\/\/walexim.hu\/?page_id=9566"},"modified":"2024-09-05T08:01:12","modified_gmt":"2024-09-05T08:01:12","slug":"szolgaltatasok","status":"publish","type":"page","link":"https:\/\/walexim.hu\/de\/szolgaltatasok\/","title":{"rendered":"Dienstleistungen"},"content":{"rendered":"<div data-elementor-type=\"wp-page\" data-elementor-id=\"9566\" class=\"elementor elementor-9566\" data-elementor-post-type=\"page\">\n\t\t\t\t<div class=\"elementor-element elementor-element-465636b e-flex e-con-boxed e-con e-parent\" data-id=\"465636b\" data-element_type=\"container\" data-e-type=\"container\">\n\t\t\t\t\t<div class=\"e-con-inner\">\n\t\t\t\t<div class=\"elementor-element elementor-element-00f979b elementor-posts--align-center elementor-grid-3 elementor-grid-tablet-2 elementor-grid-mobile-1 elementor-posts--thumbnail-top elementor-card-shadow-yes elementor-posts__hover-gradient elementor-widget elementor-widget-posts\" data-id=\"00f979b\" data-element_type=\"widget\" data-e-type=\"widget\" data-settings=\"{&quot;cards_columns&quot;:&quot;3&quot;,&quot;cards_columns_tablet&quot;:&quot;2&quot;,&quot;cards_columns_mobile&quot;:&quot;1&quot;,&quot;cards_row_gap&quot;:{&quot;unit&quot;:&quot;px&quot;,&quot;size&quot;:35,&quot;sizes&quot;:[]},&quot;cards_row_gap_tablet&quot;:{&quot;unit&quot;:&quot;px&quot;,&quot;size&quot;:&quot;&quot;,&quot;sizes&quot;:[]},&quot;cards_row_gap_mobile&quot;:{&quot;unit&quot;:&quot;px&quot;,&quot;size&quot;:&quot;&quot;,&quot;sizes&quot;:[]}}\" data-widget_type=\"posts.cards\">\n\t\t\t\t<div class=\"elementor-widget-container\">\n\t\t\t\t\t\t\t<div class=\"elementor-posts-container elementor-posts elementor-posts--skin-cards elementor-grid\" role=\"list\">\n\t\t\t\t<article class=\"elementor-post elementor-grid-item post-9560 post type-post status-publish format-standard has-post-thumbnail hentry category-szolgaltatasok tag-landing_oldal tag-weboldal\" role=\"listitem\">\n\t\t\t<div class=\"elementor-post__card\">\n\t\t\t\t<a class=\"elementor-post__thumbnail__link\" href=\"https:\/\/walexim.hu\/de\/online-fizetesi-rendszer\/\" tabindex=\"-1\" ><div class=\"elementor-post__thumbnail\"><img fetchpriority=\"high\" decoding=\"async\" width=\"300\" height=\"300\" src=\"https:\/\/walexim.hu\/wp-content\/uploads\/2024\/09\/Online-fizetesi-rendszer_1-300x300.webp\" class=\"attachment-medium size-medium wp-image-9561\" alt=\"Online fizet\u00e9si rendszer\" srcset=\"https:\/\/walexim.hu\/wp-content\/uploads\/2024\/09\/Online-fizetesi-rendszer_1-300x300.webp 300w, https:\/\/walexim.hu\/wp-content\/uploads\/2024\/09\/Online-fizetesi-rendszer_1-150x150.webp 150w, https:\/\/walexim.hu\/wp-content\/uploads\/2024\/09\/Online-fizetesi-rendszer_1-768x768.webp 768w, https:\/\/walexim.hu\/wp-content\/uploads\/2024\/09\/Online-fizetesi-rendszer_1.webp 1024w\" sizes=\"(max-width: 300px) 100vw, 300px\" \/><\/div><\/a>\n\t\t\t\t<div class=\"elementor-post__text\">\n\t\t\t\t<h3 class=\"elementor-post__title\">\n\t\t\t<a href=\"https:\/\/walexim.hu\/de\/online-fizetesi-rendszer\/\" >\n\t\t\t\tOnline-Zahlungssystem\t\t\t<\/a>\n\t\t<\/h3>\n\t\t\n\t\t<a class=\"elementor-post__read-more\" href=\"https:\/\/walexim.hu\/de\/online-fizetesi-rendszer\/\" aria-label=\"Read more about Online fizet\u00e9si rendszer\" tabindex=\"-1\" >\n\t\t\tMehr lesen \"\t\t<\/a>\n\n\t\t\t\t<\/div>\n\t\t\t\t<div class=\"elementor-post__meta-data\">\n\t\t\t\t\t<span class=\"elementor-post-date\">\n\t\t\t2024.09.05.\t\t<\/span>\n\t\t\t\t<\/div>\n\t\t\t\t\t<\/div>\n\t\t<\/article>\n\t\t\t\t<article class=\"elementor-post elementor-grid-item post-9217 post type-post status-publish format-standard has-post-thumbnail hentry category-informaciok tag-lms tag-tanfolyam-rendszer\" role=\"listitem\">\n\t\t\t<div class=\"elementor-post__card\">\n\t\t\t\t<a class=\"elementor-post__thumbnail__link\" href=\"https:\/\/walexim.hu\/de\/domain-tarhely-regisztracio\/\" tabindex=\"-1\" ><div class=\"elementor-post__thumbnail\"><img decoding=\"async\" width=\"300\" height=\"169\" src=\"https:\/\/walexim.hu\/wp-content\/uploads\/2024\/03\/tarhely-300x169.webp\" class=\"attachment-medium size-medium wp-image-9223\" alt=\"domain_tarhely\" srcset=\"https:\/\/walexim.hu\/wp-content\/uploads\/2024\/03\/tarhely-300x169.webp 300w, https:\/\/walexim.hu\/wp-content\/uploads\/2024\/03\/tarhely-1024x576.webp 1024w, https:\/\/walexim.hu\/wp-content\/uploads\/2024\/03\/tarhely-768x432.webp 768w, https:\/\/walexim.hu\/wp-content\/uploads\/2024\/03\/tarhely-1536x864.webp 1536w, https:\/\/walexim.hu\/wp-content\/uploads\/2024\/03\/tarhely.webp 1920w\" sizes=\"(max-width: 300px) 100vw, 300px\" \/><\/div><\/a>\n\t\t\t\t<div class=\"elementor-post__text\">\n\t\t\t\t<h3 class=\"elementor-post__title\">\n\t\t\t<a href=\"https:\/\/walexim.hu\/de\/domain-tarhely-regisztracio\/\" >\n\t\t\t\tDomain\/Site-Registrierung\t\t\t<\/a>\n\t\t<\/h3>\n\t\t\n\t\t<a class=\"elementor-post__read-more\" href=\"https:\/\/walexim.hu\/de\/domain-tarhely-regisztracio\/\" aria-label=\"Read more about Domain\/T\u00e1rhely regisztr\u00e1ci\u00f3\" tabindex=\"-1\" >\n\t\t\tMehr lesen \"\t\t<\/a>\n\n\t\t\t\t<\/div>\n\t\t\t\t<div class=\"elementor-post__meta-data\">\n\t\t\t\t\t<span class=\"elementor-post-date\">\n\t\t\t2024.03.31.\t\t<\/span>\n\t\t\t\t<\/div>\n\t\t\t\t\t<\/div>\n\t\t<\/article>\n\t\t\t\t<article class=\"elementor-post elementor-grid-item post-9188 post type-post status-publish format-standard has-post-thumbnail hentry category-szolgaltatasok tag-lms tag-tanfolyam-rendszer\" role=\"listitem\">\n\t\t\t<div class=\"elementor-post__card\">\n\t\t\t\t<a class=\"elementor-post__thumbnail__link\" href=\"https:\/\/walexim.hu\/de\/excel-makro\/\" tabindex=\"-1\" ><div class=\"elementor-post__thumbnail\"><img decoding=\"async\" width=\"300\" height=\"163\" src=\"https:\/\/walexim.hu\/wp-content\/uploads\/2024\/03\/Excel_makro-1-300x163.webp\" class=\"attachment-medium size-medium wp-image-9212\" alt=\"Excel_macro\" srcset=\"https:\/\/walexim.hu\/wp-content\/uploads\/2024\/03\/Excel_makro-1-300x163.webp 300w, https:\/\/walexim.hu\/wp-content\/uploads\/2024\/03\/Excel_makro-1.webp 600w\" sizes=\"(max-width: 300px) 100vw, 300px\" \/><\/div><\/a>\n\t\t\t\t<div class=\"elementor-post__text\">\n\t\t\t\t<h3 class=\"elementor-post__title\">\n\t\t\t<a href=\"https:\/\/walexim.hu\/de\/excel-makro\/\" >\n\t\t\t\tExcel (Makro)\t\t\t<\/a>\n\t\t<\/h3>\n\t\t\n\t\t<a class=\"elementor-post__read-more\" href=\"https:\/\/walexim.hu\/de\/excel-makro\/\" aria-label=\"Read more about Excel (makr\u00f3)\" tabindex=\"-1\" >\n\t\t\tMehr lesen \"\t\t<\/a>\n\n\t\t\t\t<\/div>\n\t\t\t\t<div class=\"elementor-post__meta-data\">\n\t\t\t\t\t<span class=\"elementor-post-date\">\n\t\t\t2024.03.30.\t\t<\/span>\n\t\t\t\t<\/div>\n\t\t\t\t\t<\/div>\n\t\t<\/article>\n\t\t\t\t<article class=\"elementor-post elementor-grid-item post-9166 post type-post status-publish format-standard has-post-thumbnail hentry category-szolgaltatasok tag-lms tag-tanfolyam-rendszer\" role=\"listitem\">\n\t\t\t<div class=\"elementor-post__card\">\n\t\t\t\t<a class=\"elementor-post__thumbnail__link\" href=\"https:\/\/walexim.hu\/de\/weboldal-karbantartas\/\" tabindex=\"-1\" ><div class=\"elementor-post__thumbnail\"><img loading=\"lazy\" decoding=\"async\" width=\"300\" height=\"157\" src=\"https:\/\/walexim.hu\/wp-content\/uploads\/2024\/03\/weboldal-karbantartas-300x157.webp\" class=\"attachment-medium size-medium wp-image-9169\" alt=\"weblap_karbantartas\" srcset=\"https:\/\/walexim.hu\/wp-content\/uploads\/2024\/03\/weboldal-karbantartas-300x157.webp 300w, https:\/\/walexim.hu\/wp-content\/uploads\/2024\/03\/weboldal-karbantartas-1024x534.webp 1024w, https:\/\/walexim.hu\/wp-content\/uploads\/2024\/03\/weboldal-karbantartas-768x401.webp 768w, https:\/\/walexim.hu\/wp-content\/uploads\/2024\/03\/weboldal-karbantartas-1536x802.webp 1536w, https:\/\/walexim.hu\/wp-content\/uploads\/2024\/03\/weboldal-karbantartas.webp 1640w\" sizes=\"(max-width: 300px) 100vw, 300px\" \/><\/div><\/a>\n\t\t\t\t<div class=\"elementor-post__text\">\n\t\t\t\t<h3 class=\"elementor-post__title\">\n\t\t\t<a href=\"https:\/\/walexim.hu\/de\/weboldal-karbantartas\/\" >\n\t\t\t\tWartung der Website\t\t\t<\/a>\n\t\t<\/h3>\n\t\t\n\t\t<a class=\"elementor-post__read-more\" href=\"https:\/\/walexim.hu\/de\/weboldal-karbantartas\/\" aria-label=\"Read more about Weboldal karbantart\u00e1s\" tabindex=\"-1\" >\n\t\t\tMehr lesen \"\t\t<\/a>\n\n\t\t\t\t<\/div>\n\t\t\t\t<div class=\"elementor-post__meta-data\">\n\t\t\t\t\t<span class=\"elementor-post-date\">\n\t\t\t2024.03.30.\t\t<\/span>\n\t\t\t\t<\/div>\n\t\t\t\t\t<\/div>\n\t\t<\/article>\n\t\t\t\t<article class=\"elementor-post elementor-grid-item post-9152 post type-post status-publish format-standard has-post-thumbnail hentry category-szolgaltatasok tag-lms tag-tanfolyam-rendszer\" role=\"listitem\">\n\t\t\t<div class=\"elementor-post__card\">\n\t\t\t\t<a class=\"elementor-post__thumbnail__link\" href=\"https:\/\/walexim.hu\/de\/tanfolyam-rendszer-keszites\/\" tabindex=\"-1\" ><div class=\"elementor-post__thumbnail\"><img loading=\"lazy\" decoding=\"async\" width=\"300\" height=\"221\" src=\"https:\/\/walexim.hu\/wp-content\/uploads\/2024\/03\/Tanfolyam_rendszer-300x221.webp\" class=\"attachment-medium size-medium wp-image-9155\" alt=\"tanfolyam_rendszer\" srcset=\"https:\/\/walexim.hu\/wp-content\/uploads\/2024\/03\/Tanfolyam_rendszer-300x221.webp 300w, https:\/\/walexim.hu\/wp-content\/uploads\/2024\/03\/Tanfolyam_rendszer-1024x754.webp 1024w, https:\/\/walexim.hu\/wp-content\/uploads\/2024\/03\/Tanfolyam_rendszer-768x566.webp 768w, https:\/\/walexim.hu\/wp-content\/uploads\/2024\/03\/Tanfolyam_rendszer-1536x1131.webp 1536w, https:\/\/walexim.hu\/wp-content\/uploads\/2024\/03\/Tanfolyam_rendszer.webp 1906w\" sizes=\"(max-width: 300px) 100vw, 300px\" \/><\/div><\/a>\n\t\t\t\t<div class=\"elementor-post__text\">\n\t\t\t\t<h3 class=\"elementor-post__title\">\n\t\t\t<a href=\"https:\/\/walexim.hu\/de\/tanfolyam-rendszer-keszites\/\" >\n\t\t\t\tGestaltung des Kurssystems\t\t\t<\/a>\n\t\t<\/h3>\n\t\t\n\t\t<a class=\"elementor-post__read-more\" href=\"https:\/\/walexim.hu\/de\/tanfolyam-rendszer-keszites\/\" aria-label=\"Read more about Tanfolyam rendszer k\u00e9sz\u00edt\u00e9s\" tabindex=\"-1\" >\n\t\t\tMehr lesen \"\t\t<\/a>\n\n\t\t\t\t<\/div>\n\t\t\t\t<div class=\"elementor-post__meta-data\">\n\t\t\t\t\t<span class=\"elementor-post-date\">\n\t\t\t2024.03.30.\t\t<\/span>\n\t\t\t\t<\/div>\n\t\t\t\t\t<\/div>\n\t\t<\/article>\n\t\t\t\t<article class=\"elementor-post elementor-grid-item post-9067 post type-post status-publish format-standard has-post-thumbnail hentry category-szolgaltatasok tag-landing_oldal tag-weboldal\" role=\"listitem\">\n\t\t\t<div class=\"elementor-post__card\">\n\t\t\t\t<a class=\"elementor-post__thumbnail__link\" href=\"https:\/\/walexim.hu\/de\/weboldal-keszites\/\" tabindex=\"-1\" ><div class=\"elementor-post__thumbnail\"><img loading=\"lazy\" decoding=\"async\" width=\"300\" height=\"163\" src=\"https:\/\/walexim.hu\/wp-content\/uploads\/2024\/02\/responsive-webshop-300x163.webp\" class=\"attachment-medium size-medium wp-image-7902\" alt=\"Webshopkeszites\" srcset=\"https:\/\/walexim.hu\/wp-content\/uploads\/2024\/02\/responsive-webshop-300x163.webp 300w, https:\/\/walexim.hu\/wp-content\/uploads\/2024\/02\/responsive-webshop-1024x555.webp 1024w, https:\/\/walexim.hu\/wp-content\/uploads\/2024\/02\/responsive-webshop-768x416.webp 768w, https:\/\/walexim.hu\/wp-content\/uploads\/2024\/02\/responsive-webshop.webp 1150w\" sizes=\"(max-width: 300px) 100vw, 300px\" \/><\/div><\/a>\n\t\t\t\t<div class=\"elementor-post__text\">\n\t\t\t\t<h3 class=\"elementor-post__title\">\n\t\t\t<a href=\"https:\/\/walexim.hu\/de\/weboldal-keszites\/\" >\n\t\t\t\tErstellung einer Website\t\t\t<\/a>\n\t\t<\/h3>\n\t\t\n\t\t<a class=\"elementor-post__read-more\" href=\"https:\/\/walexim.hu\/de\/weboldal-keszites\/\" aria-label=\"Read more about Weboldal k\u00e9sz\u00edt\u00e9s\" tabindex=\"-1\" >\n\t\t\tMehr lesen \"\t\t<\/a>\n\n\t\t\t\t<\/div>\n\t\t\t\t<div class=\"elementor-post__meta-data\">\n\t\t\t\t\t<span class=\"elementor-post-date\">\n\t\t\t2024.03.29.\t\t<\/span>\n\t\t\t\t<\/div>\n\t\t\t\t\t<\/div>\n\t\t<\/article>\n\t\t\t\t<article class=\"elementor-post elementor-grid-item post-8981 post type-post status-publish format-standard has-post-thumbnail hentry category-szolgaltatasok tag-landing_oldal\" role=\"listitem\">\n\t\t\t<div class=\"elementor-post__card\">\n\t\t\t\t<a class=\"elementor-post__thumbnail__link\" href=\"https:\/\/walexim.hu\/de\/landing-oldal-keszites\/\" tabindex=\"-1\" ><div class=\"elementor-post__thumbnail\"><img loading=\"lazy\" decoding=\"async\" width=\"300\" height=\"163\" src=\"https:\/\/walexim.hu\/wp-content\/uploads\/2024\/03\/landing-page-keszites-300x163.webp\" class=\"attachment-medium size-medium wp-image-9050\" alt=\"landing_page_keszites\" srcset=\"https:\/\/walexim.hu\/wp-content\/uploads\/2024\/03\/landing-page-keszites-300x163.webp 300w, https:\/\/walexim.hu\/wp-content\/uploads\/2024\/03\/landing-page-keszites.webp 600w\" sizes=\"(max-width: 300px) 100vw, 300px\" \/><\/div><\/a>\n\t\t\t\t<div class=\"elementor-post__text\">\n\t\t\t\t<h3 class=\"elementor-post__title\">\n\t\t\t<a href=\"https:\/\/walexim.hu\/de\/landing-oldal-keszites\/\" >\n\t\t\t\tErstellung einer Landing Page\t\t\t<\/a>\n\t\t<\/h3>\n\t\t\n\t\t<a class=\"elementor-post__read-more\" href=\"https:\/\/walexim.hu\/de\/landing-oldal-keszites\/\" aria-label=\"Read more about Landing oldal k\u00e9sz\u00edt\u00e9s\" tabindex=\"-1\" >\n\t\t\tMehr lesen \"\t\t<\/a>\n\n\t\t\t\t<\/div>\n\t\t\t\t<div class=\"elementor-post__meta-data\">\n\t\t\t\t\t<span class=\"elementor-post-date\">\n\t\t\t2024.03.28.\t\t<\/span>\n\t\t\t\t<\/div>\n\t\t\t\t\t<\/div>\n\t\t<\/article>\n\t\t\t\t<\/div>\n\t\t\n\t\t\t\t\t\t<\/div>\n\t\t\t\t<\/div>\n\t\t\t\t\t<\/div>\n\t\t\t\t<\/div>\n\t\t\t\t<\/div>","protected":false},"excerpt":{"rendered":"","protected":false},"author":1,"featured_media":0,"parent":0,"menu_order":0,"comment_status":"closed","ping_status":"closed","template":"","meta":{"_uag_custom_page_level_css":"","site-sidebar-layout":"no-sidebar","site-content-layout":"","ast-site-content-layout":"full-width-container","site-content-style":"default","site-sidebar-style":"default","ast-global-header-display":"","ast-banner-title-visibility":"","ast-main-header-display":"","ast-hfb-above-header-display":"","ast-hfb-below-header-display":"","ast-hfb-mobile-header-display":"","site-post-title":"disabled","ast-breadcrumbs-content":"","ast-featured-img":"disabled","footer-sml-layout":"","ast-disable-related-posts":"","theme-transparent-header-meta":"default","adv-header-id-meta":"","stick-header-meta":"","header-above-stick-meta":"","header-main-stick-meta":"","header-below-stick-meta":"","astra-migrate-meta-layouts":"set","ast-page-background-enabled":"default","ast-page-background-meta":{"desktop":{"background-color":"var(--ast-global-color-4)","background-image":"","background-repeat":"repeat","background-position":"center center","background-size":"auto","background-attachment":"scroll","background-type":"","background-media":"","overlay-type":"","overlay-color":"","overlay-opacity":"","overlay-gradient":""},"tablet":{"background-color":"","background-image":"","background-repeat":"repeat","background-position":"center center","background-size":"auto","background-attachment":"scroll","background-type":"","background-media":"","overlay-type":"","overlay-color":"","overlay-opacity":"","overlay-gradient":""},"mobile":{"background-color":"","background-image":"","background-repeat":"repeat","background-position":"center center","background-size":"auto","background-attachment":"scroll","background-type":"","background-media":"","overlay-type":"","overlay-color":"","overlay-opacity":"","overlay-gradient":""}},"ast-content-background-meta":{"desktop":{"background-color":"var(--ast-global-color-5)","background-image":"","background-repeat":"repeat","background-position":"center center","background-size":"auto","background-attachment":"scroll","background-type":"","background-media":"","overlay-type":"","overlay-color":"","overlay-opacity":"","overlay-gradient":""},"tablet":{"background-color":"var(--ast-global-color-5)","background-image":"","background-repeat":"repeat","background-position":"center center","background-size":"auto","background-attachment":"scroll","background-type":"","background-media":"","overlay-type":"","overlay-color":"","overlay-opacity":"","overlay-gradient":""},"mobile":{"background-color":"var(--ast-global-color-5)","background-image":"","background-repeat":"repeat","background-position":"center center","background-size":"auto","background-attachment":"scroll","background-type":"","background-media":"","overlay-type":"","overlay-color":"","overlay-opacity":"","overlay-gradient":""}},"footnotes":""},"class_list":["post-9566","page","type-page","status-publish","hentry"],"yoast_head":"<!-- This site is optimized with the Yoast SEO Premium plugin v27.1 (Yoast SEO v27.1.1) - https:\/\/yoast.com\/product\/yoast-seo-premium-wordpress\/ -->\n<title>Szolg\u00e1ltat\u00e1sok - Walexim Web Solutions - Infinite Possibility<\/title>\n<meta name=\"description\" content=\"Szolg\u00e1ltat\u00e1sok Walexim Web Solutions - Infinite Possibility\" \/>\n<meta name=\"robots\" content=\"index, follow, max-snippet:-1, max-image-preview:large, max-video-preview:-1\" \/>\n<link rel=\"canonical\" href=\"https:\/\/walexim.hu\/de\/szolgaltatasok\/\" \/>\n<meta property=\"og:locale\" content=\"de_DE\" \/>\n<meta property=\"og:type\" content=\"article\" \/>\n<meta property=\"og:title\" content=\"Szolg\u00e1ltat\u00e1sok\" \/>\n<meta property=\"og:description\" content=\"Szolg\u00e1ltat\u00e1sok\" \/>\n<meta property=\"og:url\" content=\"https:\/\/walexim.hu\/de\/szolgaltatasok\/\" \/>\n<meta property=\"og:site_name\" content=\"Walexim Web Solutions - Infinite Possibility\" \/>\n<meta property=\"article:publisher\" content=\"https:\/\/www.facebook.com\/waleximweb\" \/>\n<meta property=\"article:modified_time\" content=\"2024-09-05T08:01:12+00:00\" \/>\n<meta property=\"og:image\" content=\"https:\/\/walexim.hu\/wp-content\/uploads\/2024\/03\/Header_walexim.webp\" \/>\n\t<meta property=\"og:image:width\" content=\"1901\" \/>\n\t<meta property=\"og:image:height\" content=\"911\" \/>\n\t<meta property=\"og:image:type\" content=\"image\/webp\" \/>\n<meta name=\"twitter:card\" content=\"summary_large_image\" \/>\n<meta name=\"twitter:label1\" content=\"Gesch\u00e4tzte Lesezeit\" \/>\n\t<meta name=\"twitter:data1\" content=\"2\u00a0Minuten\" \/>\n<script type=\"application\/ld+json\" class=\"yoast-schema-graph\">{\"@context\":\"https:\/\/schema.org\",\"@graph\":[{\"@type\":\"WebPage\",\"@id\":\"https:\/\/walexim.hu\/szolgaltatasok\/\",\"url\":\"https:\/\/walexim.hu\/szolgaltatasok\/\",\"name\":\"Szolg\u00e1ltat\u00e1sok - Walexim Web Solutions - Infinite Possibility\",\"isPartOf\":{\"@id\":\"https:\/\/walexim.hu\/#website\"},\"datePublished\":\"2024-09-05T06:30:12+00:00\",\"dateModified\":\"2024-09-05T08:01:12+00:00\",\"description\":\"Szolg\u00e1ltat\u00e1sok Walexim Web Solutions - Infinite Possibility\",\"breadcrumb\":{\"@id\":\"https:\/\/walexim.hu\/szolgaltatasok\/#breadcrumb\"},\"inLanguage\":\"de\",\"potentialAction\":[{\"@type\":\"ReadAction\",\"target\":[\"https:\/\/walexim.hu\/szolgaltatasok\/\"]}]},{\"@type\":\"BreadcrumbList\",\"@id\":\"https:\/\/walexim.hu\/szolgaltatasok\/#breadcrumb\",\"itemListElement\":[{\"@type\":\"ListItem\",\"position\":1,\"name\":\"Home\",\"item\":\"https:\/\/walexim.hu\/\"},{\"@type\":\"ListItem\",\"position\":2,\"name\":\"Szolg\u00e1ltat\u00e1sok\"}]},{\"@type\":\"WebSite\",\"@id\":\"https:\/\/walexim.hu\/#website\",\"url\":\"https:\/\/walexim.hu\/\",\"name\":\"Walexim Web Solutions\",\"description\":\"Infinite Possibility\",\"publisher\":{\"@id\":\"https:\/\/walexim.hu\/#organization\"},\"alternateName\":\"Walexim Web Solutions\",\"potentialAction\":[{\"@type\":\"SearchAction\",\"target\":{\"@type\":\"EntryPoint\",\"urlTemplate\":\"https:\/\/walexim.hu\/?s={search_term_string}\"},\"query-input\":{\"@type\":\"PropertyValueSpecification\",\"valueRequired\":true,\"valueName\":\"search_term_string\"}}],\"inLanguage\":\"de\"},{\"@type\":\"Organization\",\"@id\":\"https:\/\/walexim.hu\/#organization\",\"name\":\"Walexim Web Solutions\",\"alternateName\":\"walexim_web_solutions\",\"url\":\"https:\/\/walexim.hu\/\",\"logo\":{\"@type\":\"ImageObject\",\"inLanguage\":\"de\",\"@id\":\"https:\/\/walexim.hu\/#\/schema\/logo\/image\/\",\"url\":\"https:\/\/walexim.hu\/wp-content\/uploads\/2024\/04\/Walexim-Facebook-profil.webp\",\"contentUrl\":\"https:\/\/walexim.hu\/wp-content\/uploads\/2024\/04\/Walexim-Facebook-profil.webp\",\"width\":1024,\"height\":800,\"caption\":\"Walexim Web Solutions\"},\"image\":{\"@id\":\"https:\/\/walexim.hu\/#\/schema\/logo\/image\/\"},\"sameAs\":[\"https:\/\/www.facebook.com\/waleximweb\"],\"description\":\"Online jelenl\u00e9t minden form\u00e1ja. Amennyiben az al\u00e1bbi list\u00e1ban szerepl\u0151 webszolg\u00e1ltat\u00e1sok k\u00f6z\u00fcl legal\u00e1bb egyre sz\u00fcks\u00e9ge van, ne habozzon felvenni velem a kapcsolatot - Weboldalk\u00e9sz\u00edt\u00e9s & Korrig\u00e1l\u00e1s & Karbantart\u00e1s - Weboldal K\u00f6lt\u00f6ztet\u00e9s & Gyors\u00edt\u00e1s - Webshopk\u00e9sz\u00edt\u00e9s & Korrig\u00e1l\u00e1s & Karbantart\u00e1s - Tanfolyamrendszer k\u00e9sz\u00edt\u00e9s\",\"email\":\"info@walexim.hu\",\"telephone\":\"+36308485813\",\"legalName\":\"Walexim\",\"foundingDate\":\"2023-12-22\",\"numberOfEmployees\":{\"@type\":\"QuantitativeValue\",\"minValue\":\"1\",\"maxValue\":\"10\"},\"publishingPrinciples\":\"https:\/\/walexim.hu\/fooldal\/\",\"ownershipFundingInfo\":\"https:\/\/walexim.hu\/fooldal\/\",\"actionableFeedbackPolicy\":\"https:\/\/walexim.hu\/fooldal\/\",\"correctionsPolicy\":\"https:\/\/walexim.hu\/fooldal\/\",\"ethicsPolicy\":\"https:\/\/walexim.hu\/fooldal\/\",\"diversityPolicy\":\"https:\/\/walexim.hu\/fooldal\/\",\"diversityStaffingReport\":\"https:\/\/walexim.hu\/fooldal\/\"}]}<\/script>\n<!-- \/ Yoast SEO Premium plugin. -->","yoast_head_json":{"title":"Szolg\u00e1ltat\u00e1sok - Walexim Web Solutions - Infinite Possibility","description":"Szolg\u00e1ltat\u00e1sok Walexim Web Solutions - Infinite Possibility","robots":{"index":"index","follow":"follow","max-snippet":"max-snippet:-1","max-image-preview":"max-image-preview:large","max-video-preview":"max-video-preview:-1"},"canonical":"https:\/\/walexim.hu\/de\/szolgaltatasok\/","og_locale":"de_DE","og_type":"article","og_title":"Szolg\u00e1ltat\u00e1sok","og_description":"Szolg\u00e1ltat\u00e1sok","og_url":"https:\/\/walexim.hu\/de\/szolgaltatasok\/","og_site_name":"Walexim Web Solutions - Infinite Possibility","article_publisher":"https:\/\/www.facebook.com\/waleximweb","article_modified_time":"2024-09-05T08:01:12+00:00","og_image":[{"width":1901,"height":911,"url":"https:\/\/walexim.hu\/wp-content\/uploads\/2024\/03\/Header_walexim.webp","type":"image\/webp"}],"twitter_card":"summary_large_image","twitter_misc":{"Gesch\u00e4tzte Lesezeit":"2\u00a0Minuten"},"schema":{"@context":"https:\/\/schema.org","@graph":[{"@type":"WebPage","@id":"https:\/\/walexim.hu\/szolgaltatasok\/","url":"https:\/\/walexim.hu\/szolgaltatasok\/","name":"Szolg\u00e1ltat\u00e1sok - Walexim Web Solutions - Infinite Possibility","isPartOf":{"@id":"https:\/\/walexim.hu\/#website"},"datePublished":"2024-09-05T06:30:12+00:00","dateModified":"2024-09-05T08:01:12+00:00","description":"Szolg\u00e1ltat\u00e1sok Walexim Web Solutions - Infinite Possibility","breadcrumb":{"@id":"https:\/\/walexim.hu\/szolgaltatasok\/#breadcrumb"},"inLanguage":"de","potentialAction":[{"@type":"ReadAction","target":["https:\/\/walexim.hu\/szolgaltatasok\/"]}]},{"@type":"BreadcrumbList","@id":"https:\/\/walexim.hu\/szolgaltatasok\/#breadcrumb","itemListElement":[{"@type":"ListItem","position":1,"name":"Home","item":"https:\/\/walexim.hu\/"},{"@type":"ListItem","position":2,"name":"Szolg\u00e1ltat\u00e1sok"}]},{"@type":"WebSite","@id":"https:\/\/walexim.hu\/#website","url":"https:\/\/walexim.hu\/","name":"Walexim Web-L\u00f6sungen","description":"Unendliche M\u00f6glichkeiten","publisher":{"@id":"https:\/\/walexim.hu\/#organization"},"alternateName":"Walexim Web Solutions","potentialAction":[{"@type":"SearchAction","target":{"@type":"EntryPoint","urlTemplate":"https:\/\/walexim.hu\/?s={search_term_string}"},"query-input":{"@type":"PropertyValueSpecification","valueRequired":true,"valueName":"search_term_string"}}],"inLanguage":"de"},{"@type":"Organization","@id":"https:\/\/walexim.hu\/#organization","name":"Walexim Web-L\u00f6sungen","alternateName":"walexim_web_solutions","url":"https:\/\/walexim.hu\/","logo":{"@type":"ImageObject","inLanguage":"de","@id":"https:\/\/walexim.hu\/#\/schema\/logo\/image\/","url":"https:\/\/walexim.hu\/wp-content\/uploads\/2024\/04\/Walexim-Facebook-profil.webp","contentUrl":"https:\/\/walexim.hu\/wp-content\/uploads\/2024\/04\/Walexim-Facebook-profil.webp","width":1024,"height":800,"caption":"Walexim Web Solutions"},"image":{"@id":"https:\/\/walexim.hu\/#\/schema\/logo\/image\/"},"sameAs":["https:\/\/www.facebook.com\/waleximweb"],"description":"Online jelenl\u00e9t minden form\u00e1ja. Amennyiben az al\u00e1bbi list\u00e1ban szerepl\u0151 webszolg\u00e1ltat\u00e1sok k\u00f6z\u00fcl legal\u00e1bb egyre sz\u00fcks\u00e9ge van, ne habozzon felvenni velem a kapcsolatot - Weboldalk\u00e9sz\u00edt\u00e9s & Korrig\u00e1l\u00e1s & Karbantart\u00e1s - Weboldal K\u00f6lt\u00f6ztet\u00e9s & Gyors\u00edt\u00e1s - Webshopk\u00e9sz\u00edt\u00e9s & Korrig\u00e1l\u00e1s & Karbantart\u00e1s - Tanfolyamrendszer k\u00e9sz\u00edt\u00e9s","email":"info@walexim.hu","telephone":"+36308485813","legalName":"Walexim","foundingDate":"2023-12-22","numberOfEmployees":{"@type":"QuantitativeValue","minValue":"1","maxValue":"10"},"publishingPrinciples":"https:\/\/walexim.hu\/fooldal\/","ownershipFundingInfo":"https:\/\/walexim.hu\/fooldal\/","actionableFeedbackPolicy":"https:\/\/walexim.hu\/fooldal\/","correctionsPolicy":"https:\/\/walexim.hu\/fooldal\/","ethicsPolicy":"https:\/\/walexim.hu\/fooldal\/","diversityPolicy":"https:\/\/walexim.hu\/fooldal\/","diversityStaffingReport":"https:\/\/walexim.hu\/fooldal\/"}]}},"uagb_featured_image_src":{"full":false,"thumbnail":false,"medium":false,"medium_large":false,"large":false,"1536x1536":false,"2048x2048":false,"trp-custom-language-flag":false,"gform-image-choice-sm":false,"gform-image-choice-md":false,"gform-image-choice-lg":false},"uagb_author_info":{"display_name":"Alexander","author_link":"https:\/\/walexim.hu\/de\/author\/alexander\/"},"uagb_comment_info":0,"uagb_excerpt":null,"_links":{"self":[{"href":"https:\/\/walexim.hu\/de\/wp-json\/wp\/v2\/pages\/9566","targetHints":{"allow":["GET"]}}],"collection":[{"href":"https:\/\/walexim.hu\/de\/wp-json\/wp\/v2\/pages"}],"about":[{"href":"https:\/\/walexim.hu\/de\/wp-json\/wp\/v2\/types\/page"}],"author":[{"embeddable":true,"href":"https:\/\/walexim.hu\/de\/wp-json\/wp\/v2\/users\/1"}],"replies":[{"embeddable":true,"href":"https:\/\/walexim.hu\/de\/wp-json\/wp\/v2\/comments?post=9566"}],"version-history":[{"count":10,"href":"https:\/\/walexim.hu\/de\/wp-json\/wp\/v2\/pages\/9566\/revisions"}],"predecessor-version":[{"id":9579,"href":"https:\/\/walexim.hu\/de\/wp-json\/wp\/v2\/pages\/9566\/revisions\/9579"}],"wp:attachment":[{"href":"https:\/\/walexim.hu\/de\/wp-json\/wp\/v2\/media?parent=9566"}],"curies":[{"name":"wp","href":"https:\/\/api.w.org\/{rel}","templated":true}]}}